{"id":288,"date":"2020-12-19T11:35:26","date_gmt":"2020-12-19T10:35:26","guid":{"rendered":"http:\/\/thibautfantin.fr\/evk-wp\/?page_id=288"},"modified":"2021-02-26T10:10:21","modified_gmt":"2021-02-26T09:10:21","slug":"kit-de-presse","status":"publish","type":"page","link":"https:\/\/thibautfantin.fr\/evk-wp\/newsroom\/kit-de-presse\/","title":{"rendered":"Kit de presse"},"content":{"rendered":"\n<div class=\"jumboSection \" style=\"background-image: url('https:\/\/thibautfantin.fr\/evk-wp\/wp-content\/uploads\/2021\/01\/presskit.png');\" id=\"\">\n        <div class=\"container\">\n        <div class=\"jumboContent row\">\n            <div>\n                <h1 class=\"size-1 col-12\">Retrouver notre kit de presse<\/h1>\n                            <\/div>\n        <\/div>\n    <\/div>\n<\/div>\n<div class=\"jumboFlag\" id=\"\"  style=\"background-image: url('https:\/\/thibautfantin.fr\/evk-wp\/wp-content\/themes\/euveka\/assets\/images\/flag.png');\" >\n    <br\/>\n<\/div>\n\n\n<div class=\"section\">\n    <div class=\"section-modale\">\n        \n        <div class=\"container\">\n            <div class=\"sectionContent d-md-flex row\">\n                <div class=\"mediaContainer col-lg-6 col-md-12 col-sm-12 revealer\">\n                <img src=\"https:\/\/thibautfantin.fr\/evk-wp\/wp-content\/uploads\/2021\/01\/presskit.png\" alt=\"\" class=\"img-responsive\">\n                <\/div>  \n                <div class=\"content col-lg-5 col-md-12 col-sm-12  \">\n                                    <h3 class=\"size-3\">Kit de presse<\/h3>\n                                            <p class=\"body\">Retrouver notre kit de presse afin d\u2019avoir les derniers documents officiels afin d\u2019illustrer vos article, r\u00e9daction, d\u00e9p\u00eaches&#8230;<\/p>\n                                                <!--                 <img class=\"prizes\" src=\"assets\/images\/logo-ces@2x.png\" alt=\"\">\n                        <img class=\"prizes\" src=\"assets\/images\/logo-lcr-frwrd@2x.png\" alt=\"\"> -->\n                                                                <a href=\"https:\/\/thibautfantin.fr\/evk-wp\/wp-content\/uploads\/2021\/02\/PressKit__EUVEKA.zip\" class=\"button\">T\u00e9l\u00e9charger le kit <\/a>\n                                    <\/div>\n            <\/div>\n        <\/div>\n    <\/div>\n<\/div>\n\n<div class=\"section\">\n    <div class=\"section-modale\">\n        \n        <div class=\"container\">\n            <div class=\"sectionContent d-md-flex row\">\n                <div class=\"mediaContainer col-lg-6 col-md-12 col-sm-12 revealer\">\n                <img src=\"https:\/\/thibautfantin.fr\/evk-wp\/wp-content\/uploads\/2021\/01\/contactcom.png\" alt=\"\" class=\"img-responsive\">\n                <\/div>  \n                <div class=\"content col-lg-5 col-md-12 col-sm-12  \">\n                                    <h3 class=\"size-3\">Contact presse<\/h3>\n                                            <p class=\"body\">Une question, une demande d\u2019interview, un visuel en particulier, notre direction de la communication peut vous r\u00e9pondre.<\/p>\n                                                <!--                 <img class=\"prizes\" src=\"assets\/images\/logo-ces@2x.png\" alt=\"\">\n                        <img class=\"prizes\" src=\"assets\/images\/logo-lcr-frwrd@2x.png\" alt=\"\"> -->\n                                                                <a href=\"\/evk-wp\/en\/contact-2\/write-us\/?DepartmentSelect=Communication+Department\" class=\"button\">Contacter le d\u00e9partement communication<\/a>\n                                    <\/div>\n            <\/div>\n        <\/div>\n    <\/div>\n<\/div>","protected":false},"excerpt":{"rendered":"","protected":false},"author":1,"featured_media":0,"parent":15,"menu_order":0,"comment_status":"closed","ping_status":"closed","template":"","meta":[],"_links":{"self":[{"href":"https:\/\/thibautfantin.fr\/evk-wp\/wp-json\/wp\/v2\/pages\/288"}],"collection":[{"href":"https:\/\/thibautfantin.fr\/evk-wp\/wp-json\/wp\/v2\/pages"}],"about":[{"href":"https:\/\/thibautfantin.fr\/evk-wp\/wp-json\/wp\/v2\/types\/page"}],"author":[{"embeddable":true,"href":"https:\/\/thibautfantin.fr\/evk-wp\/wp-json\/wp\/v2\/users\/1"}],"replies":[{"embeddable":true,"href":"https:\/\/thibautfantin.fr\/evk-wp\/wp-json\/wp\/v2\/comments?post=288"}],"version-history":[{"count":22,"href":"https:\/\/thibautfantin.fr\/evk-wp\/wp-json\/wp\/v2\/pages\/288\/revisions"}],"predecessor-version":[{"id":1248,"href":"https:\/\/thibautfantin.fr\/evk-wp\/wp-json\/wp\/v2\/pages\/288\/revisions\/1248"}],"up":[{"embeddable":true,"href":"https:\/\/thibautfantin.fr\/evk-wp\/wp-json\/wp\/v2\/pages\/15"}],"wp:attachment":[{"href":"https:\/\/thibautfantin.fr\/evk-wp\/wp-json\/wp\/v2\/media?parent=288"}],"curies":[{"name":"wp","href":"https:\/\/api.w.org\/{rel}","templated":true}]}}