{"id":283,"date":"2020-12-19T11:27:19","date_gmt":"2020-12-19T10:27:19","guid":{"rendered":"http:\/\/thibautfantin.fr\/evk-wp\/?page_id=283"},"modified":"2021-03-02T11:10:18","modified_gmt":"2021-03-02T10:10:18","slug":"a-propos-valeurs","status":"publish","type":"page","link":"https:\/\/thibautfantin.fr\/evk-wp\/a-propos\/a-propos-valeurs\/","title":{"rendered":"Valeurs"},"content":{"rendered":"\n<div class=\"jumboSection \" style=\"background-image: url('https:\/\/thibautfantin.fr\/evk-wp\/wp-content\/uploads\/2021\/01\/bgJumboAbout.png');\" id=\"\">\n        <div class=\"container\">\n        <div class=\"jumboContent row\">\n            <div>\n                <h1 class=\"size-1 col-12\">Accompagner l&rsquo;industrie textile vers une transition RSE dans une logique <br \/>\r\nde performances \u00e9conomiques<\/h1>\n                            <\/div>\n        <\/div>\n    <\/div>\n<\/div>\n<div class=\"jumboFlag\" id=\"\"  style=\"background-image: url('https:\/\/thibautfantin.fr\/evk-wp\/wp-content\/themes\/euveka\/assets\/images\/flag.png');\" >\n    <br\/>\n<\/div>\n\n\n\n<div class=\"containerBigSection \" id=\"\">\n    <div class=\"container bigSection \">\n        <div class=\"row revealer\">\n                            <p class=\"surtitle size-4 col-12\">Des valeurs fortes <\/p>\n                        <h1 class=\"size-1 col-12\">Environnement &#8211; Industrie et Technologie &#8211; Formation des Nouvelles G\u00e9n\u00e9rations &#8211; Production Locale<\/h1>\n                                <\/div>\n    <\/div>\n<\/div>  \n\n<div class=\"section\">\n    <div class=\"section-modale\">\n        \n        <div class=\"container\">\n            <div class=\"sectionContent d-md-flex row\">\n                <div class=\"mediaContainer col-lg-6 col-md-12 col-sm-12 revealer\">\n                <img src=\"https:\/\/thibautfantin.fr\/evk-wp\/wp-content\/uploads\/2021\/02\/image-site-12.png\" alt=\"\" class=\"img-responsive\">\n                <\/div>  \n                <div class=\"content col-lg-5 col-md-12 col-sm-12  \">\n                                    <h3 class=\"size-3\">Agir pour l&#039;environnement et pour une mode plus \u00e9thique <\/h3>\n                                            <p class=\"body\">L\u2019industrie textile est consid\u00e9r\u00e9e comme l&rsquo;une des plus polluantes au monde. Tous les ans ce sont milliards de v\u00eatements qui finissent dans une d\u00e9charge ou \u00e0 l\u2019incin\u00e9rateur. 30% des ventes en ligne sont renvoy\u00e9es en raison de probl\u00e8mes d\u2019ajustement et de dimensionnement. C\u2019est un d\u00e9sastre pour l\u2019\u00e9cologie, la satisfaction client et la productivit\u00e9 des industries. <br \/>\r\nNos solutions technologiques sont d\u00e9velopp\u00e9es pour r\u00e9duire consid\u00e9rablement le nombre de prototypes, les erreurs en amont de la production et les retours d&rsquo;articles. <\/p>\n                                                <!--                 <img class=\"prizes\" src=\"assets\/images\/logo-ces@2x.png\" alt=\"\">\n                        <img class=\"prizes\" src=\"assets\/images\/logo-lcr-frwrd@2x.png\" alt=\"\"> -->\n                                                        <\/div>\n            <\/div>\n        <\/div>\n    <\/div>\n<\/div>\n\n<div class=\"section\">\n    <div class=\"section-modale\">\n        \n        <div class=\"container\">\n            <div class=\"sectionContent d-md-flex row\">\n                <div class=\"mediaContainer col-lg-6 col-md-12 col-sm-12 revealer\">\n                <img src=\"https:\/\/thibautfantin.fr\/evk-wp\/wp-content\/uploads\/2021\/02\/image-site-13.png\" alt=\"\" class=\"img-responsive\">\n                <\/div>  \n                <div class=\"content col-lg-5 col-md-12 col-sm-12  \">\n                                    <h3 class=\"size-3\">La technologie au service des professionnels du textile<\/h3>\n                                            <p class=\"body\">Nous voulons permettre \u00e0 chaque cr\u00e9ateur de travailler sur des outils technologiques performants, pour \u00e9viter les t\u00e2ches r\u00e9p\u00e9titives et \u00eatre au plus pr\u00e8s des demandes du march\u00e9 ou client VIP. <br \/>\r\n<br \/>\r\nChez Euveka nous avons pour ambition de satisfaire au mieux les demandes des professionnels en d\u00e9veloppant de nouvelles solutions robotiques et logicielles adapt\u00e9es et conformes \u00e0 leurs exigences.<\/p>\n                                                <!--                 <img class=\"prizes\" src=\"assets\/images\/logo-ces@2x.png\" alt=\"\">\n                        <img class=\"prizes\" src=\"assets\/images\/logo-lcr-frwrd@2x.png\" alt=\"\"> -->\n                                                        <\/div>\n            <\/div>\n        <\/div>\n    <\/div>\n<\/div>\n\n<div class=\"section\">\n    <div class=\"section-modale\">\n        \n        <div class=\"container\">\n            <div class=\"sectionContent d-md-flex row\">\n                <div class=\"mediaContainer col-lg-6 col-md-12 col-sm-12 revealer\">\n                <img src=\"https:\/\/thibautfantin.fr\/evk-wp\/wp-content\/uploads\/2021\/02\/image-site-15.png\" alt=\"\" class=\"img-responsive\">\n                <\/div>  \n                <div class=\"content col-lg-5 col-md-12 col-sm-12  \">\n                                    <h3 class=\"size-3\">Former les cr\u00e9ateurs et les futurs professionnels aux technologies d\u2019aujourd\u2019hui c\u2019est assurer la prosp\u00e9rit\u00e9 de l\u2019avenir de l\u2019industrie textile.<\/h3>\n                                            <p class=\"body\">La formation dans les entreprises et les \u00e9coles sur des outils adapt\u00e9s sont essentiels pour rester comp\u00e9titif et novateur sur le march\u00e9.<br \/>\r\n<br \/>\r\nChez Euveka nous avons mis en place une offre sp\u00e9ciale \u00e9cole pour faciliter l&rsquo;acc\u00e8s \u00e0 la technologie aux futures g\u00e9n\u00e9rations. <\/p>\n                                                <!--                 <img class=\"prizes\" src=\"assets\/images\/logo-ces@2x.png\" alt=\"\">\n                        <img class=\"prizes\" src=\"assets\/images\/logo-lcr-frwrd@2x.png\" alt=\"\"> -->\n                                                        <\/div>\n            <\/div>\n        <\/div>\n    <\/div>\n<\/div>\n\n<div class=\"section\">\n    <div class=\"section-modale\">\n        \n        <div class=\"container\">\n            <div class=\"sectionContent d-md-flex row\">\n                <div class=\"mediaContainer col-lg-6 col-md-12 col-sm-12 revealer\">\n                <img src=\"https:\/\/thibautfantin.fr\/evk-wp\/wp-content\/uploads\/2021\/02\/image-site-19.png\" alt=\"\" class=\"img-responsive\">\n                <\/div>  \n                <div class=\"content col-lg-5 col-md-12 col-sm-12  \">\n                                    <h3 class=\"size-3\">Une fabrication locale avec une dimension sociale forte <\/h3>\n                                            <p class=\"body\">Nos produits sont enti\u00e8rement d\u00e9velopp\u00e9s au local dans la Dr\u00f4me, nous confions une partie de nos assemblages \u00e0 des Esat et int\u00e9grons \u00e9galement des prestataires de service en situation de r\u00e9insertion professionnelle.  Nous soutenons activement des programmes dans des \u00e9coles d\u2019ing\u00e9nieurs pour permettre \u00e0 des \u00e9tudiants d\u2019effectuer leur stage de fin d\u2019\u00e9tude au sein de nos \u00e9quipes techniques.<\/p>\n                                                <!--                 <img class=\"prizes\" src=\"assets\/images\/logo-ces@2x.png\" alt=\"\">\n                        <img class=\"prizes\" src=\"assets\/images\/logo-lcr-frwrd@2x.png\" alt=\"\"> -->\n                                                        <\/div>\n            <\/div>\n        <\/div>\n    <\/div>\n<\/div>\n\n\n<div class=\"container\">\n    <div class=\"cardBigContainer revealer\">\n        <div class=\"contentCardBig\">\n                    <p class=\"surtitle size-4\">Nos ambitions<\/p>\n                    <h2 class=\"size-2\">Rendre les processus des industries textiles plus s\u00fbrs et plus \u00e9cologiques.<\/h2>\n            <a href=\"\/evk-wp\/a-propos\/ambition\" class=\"button button--small\">Conna\u00eetre nos ambitions<\/a>\n        <\/div>\n    <\/div>\n<\/div>\n\n\n<div class=\"container\">\n    <div class=\"cardBigContainer revealer\">\n        <div class=\"contentCardBig\">\n                    <p class=\"surtitle size-4\">Notre histoire<\/p>\n                    <h2 class=\"size-2\">Euveka : de l&#039;id\u00e9e \u00e0 la r\u00e9alisation <\/h2>\n            <a href=\"\/evk-wp\/a-propos\/histoire\" class=\"button button--small\">D\u00e9couvrez notre histoire<\/a>\n        <\/div>\n    <\/div>\n<\/div>","protected":false},"excerpt":{"rendered":"","protected":false},"author":1,"featured_media":0,"parent":9,"menu_order":1,"comment_status":"closed","ping_status":"closed","template":"","meta":[],"_links":{"self":[{"href":"https:\/\/thibautfantin.fr\/evk-wp\/wp-json\/wp\/v2\/pages\/283"}],"collection":[{"href":"https:\/\/thibautfantin.fr\/evk-wp\/wp-json\/wp\/v2\/pages"}],"about":[{"href":"https:\/\/thibautfantin.fr\/evk-wp\/wp-json\/wp\/v2\/types\/page"}],"author":[{"embeddable":true,"href":"https:\/\/thibautfantin.fr\/evk-wp\/wp-json\/wp\/v2\/users\/1"}],"replies":[{"embeddable":true,"href":"https:\/\/thibautfantin.fr\/evk-wp\/wp-json\/wp\/v2\/comments?post=283"}],"version-history":[{"count":65,"href":"https:\/\/thibautfantin.fr\/evk-wp\/wp-json\/wp\/v2\/pages\/283\/revisions"}],"predecessor-version":[{"id":1279,"href":"https:\/\/thibautfantin.fr\/evk-wp\/wp-json\/wp\/v2\/pages\/283\/revisions\/1279"}],"up":[{"embeddable":true,"href":"https:\/\/thibautfantin.fr\/evk-wp\/wp-json\/wp\/v2\/pages\/9"}],"wp:attachment":[{"href":"https:\/\/thibautfantin.fr\/evk-wp\/wp-json\/wp\/v2\/media?parent=283"}],"curies":[{"name":"wp","href":"https:\/\/api.w.org\/{rel}","templated":true}]}}