{"id":11,"date":"2020-11-30T10:38:10","date_gmt":"2020-11-30T09:38:10","guid":{"rendered":"http:\/\/thibautfantin.fr\/evk-wp\/?page_id=11"},"modified":"2021-02-16T15:40:50","modified_gmt":"2021-02-16T14:40:50","slug":"histoire","status":"publish","type":"page","link":"https:\/\/thibautfantin.fr\/evk-wp\/a-propos\/histoire\/","title":{"rendered":"Histoire"},"content":{"rendered":"\n<div class=\"jumboSection \" style=\"background-image: url('https:\/\/thibautfantin.fr\/evk-wp\/wp-content\/uploads\/2021\/01\/bgJumboAbout.png');\" id=\"\">\n        <div class=\"container\">\n        <div class=\"jumboContent row\">\n            <div>\n                <h1 class=\"size-1 col-12\">Un constat simple, des ann\u00e9es d&rsquo;expertises et un d\u00e9ploiement \u00e0 l&rsquo;international<\/h1>\n                            <\/div>\n        <\/div>\n    <\/div>\n<\/div>\n<div class=\"jumboFlag\" id=\"\"  style=\"background-image: url('https:\/\/thibautfantin.fr\/evk-wp\/wp-content\/themes\/euveka\/assets\/images\/flag.png');\" >\n    <br\/>\n<\/div>\n\n\n\n<div class=\"containerBigSection  containerBigSection--white \">\n    <div class=\"container bigSection  bigSection--white \">\n        <div class=\"row revealer\">\n            <h1 class=\"size-1 col-12\">Audrey-Laure Bergenthal, Pr\u00e9sidente d&rsquo;Euveka, avait compris \u00e0 l&rsquo;\u00e9poque que les mannequins de bois de confection ne repr\u00e9sentaient pas la r\u00e9alit\u00e9 morphologique des corps humain et qu&rsquo;il n&rsquo;\u00e9tait pas \u00e9tonnant, dans ces conditions, d&rsquo;avoir du mal \u00e0 trouver des v\u00eatements \u00e0 sa morphologie, surtout dans les petites et grandes tailles.   <\/h1>\n            <p class=\"surtitle size-4 col-12\"> &#8211; <\/p>\n\n        <\/div>\n    <\/div>\n<\/div>  \n\n<div class=\"section\">\n    <div class=\"section-modale\">\n        \n        <div class=\"container\">\n            <div class=\"sectionContent d-md-flex row\">\n                <div class=\"mediaContainer col-lg-6 col-md-12 col-sm-12 revealer\">\n                <img src=\"https:\/\/thibautfantin.fr\/evk-wp\/wp-content\/uploads\/2021\/01\/year-test.png\" alt=\"\" class=\"img-responsive\">\n                <\/div>  \n                <div class=\"content col-lg-5 col-md-12 col-sm-12  \">\n                                    <h3 class=\"size-3\">Cr\u00e9ation d&#039;EUVEKA <\/h3>\n                                            <p class=\"body\">D\u00e9veloppements des premiers prototypes et d\u00e9p\u00f4t du premier brevet.<\/p>\n                                                <!--                 <img class=\"prizes\" src=\"assets\/images\/logo-ces@2x.png\" alt=\"\">\n                        <img class=\"prizes\" src=\"assets\/images\/logo-lcr-frwrd@2x.png\" alt=\"\"> -->\n                                                        <\/div>\n            <\/div>\n        <\/div>\n    <\/div>\n<\/div>\n\n<div class=\"section\">\n    <div class=\"section-modale\">\n        \n        <div class=\"container\">\n            <div class=\"sectionContent d-md-flex row\">\n                <div class=\"mediaContainer col-lg-6 col-md-12 col-sm-12 revealer\">\n                <img src=\"https:\/\/thibautfantin.fr\/evk-wp\/wp-content\/uploads\/2021\/01\/2018.png\" alt=\"\" class=\"img-responsive\">\n                <\/div>  \n                <div class=\"content col-lg-5 col-md-12 col-sm-12  \">\n                                    <h3 class=\"size-3\">Les premi\u00e8res pr\u00e9sentations au public et les premiers prix<\/h3>\n                                            <p class=\"body\">Apr\u00e8s 8 ann\u00e9es de R&#038;D et d\u2019expertise biomim\u00e9tique de l\u2019anatomie du corps humain, un premier produit est pr\u00e9sent\u00e9 au public. <br \/>\r\n<br \/>\r\nTr\u00e8s vite, les premi\u00e8res r\u00e9compenses tombent.<br \/>\r\n<br \/>\r\nAndam Fashion Award (prix de l\u2019innovation), CES Innovation Awards (Prix robotique), Business With Attitude avec Mme Figaro, La French Fab avec BPI \u2026 <\/p>\n                                                <!--                 <img class=\"prizes\" src=\"assets\/images\/logo-ces@2x.png\" alt=\"\">\n                        <img class=\"prizes\" src=\"assets\/images\/logo-lcr-frwrd@2x.png\" alt=\"\"> -->\n                                                        <\/div>\n            <\/div>\n        <\/div>\n    <\/div>\n<\/div>\n\n<div class=\"section\">\n    <div class=\"section-modale\">\n        \n        <div class=\"container\">\n            <div class=\"sectionContent d-md-flex row\">\n                <div class=\"mediaContainer col-lg-6 col-md-12 col-sm-12 revealer\">\n                <img src=\"https:\/\/thibautfantin.fr\/evk-wp\/wp-content\/uploads\/2021\/01\/2019.png\" alt=\"\" class=\"img-responsive\">\n                <\/div>  \n                <div class=\"content col-lg-5 col-md-12 col-sm-12  \">\n                                    <h3 class=\"size-3\">Les premi\u00e8res pr\u00e9-commercialisation dans toute l\u2019Europe <\/h3>\n                                            <p class=\"body\">La solution est implant\u00e9e chez des marques prestigieuses dans la Mode et le Sport. <\/p>\n                                                <!--                 <img class=\"prizes\" src=\"assets\/images\/logo-ces@2x.png\" alt=\"\">\n                        <img class=\"prizes\" src=\"assets\/images\/logo-lcr-frwrd@2x.png\" alt=\"\"> -->\n                                                        <\/div>\n            <\/div>\n        <\/div>\n    <\/div>\n<\/div>\n\n<div class=\"section\">\n    <div class=\"section-modale\">\n        \n        <div class=\"container\">\n            <div class=\"sectionContent d-md-flex row\">\n                <div class=\"mediaContainer col-lg-6 col-md-12 col-sm-12 revealer\">\n                <img src=\"https:\/\/thibautfantin.fr\/evk-wp\/wp-content\/uploads\/2021\/01\/2020.png\" alt=\"\" class=\"img-responsive\">\n                <\/div>  \n                <div class=\"content col-lg-5 col-md-12 col-sm-12  \">\n                                    <h3 class=\"size-3\">Un d\u00e9ploiement \u00e0 l\u2019international avec les plus grands leaders de l\u2019industrie textile<\/h3>\n                                            <p class=\"body\">La solution est impl\u00e9ment\u00e9e dans des secteurs plus techniques comme le Sport, le M\u00e9dical, ou la S\u00e9curit\u00e9. <br \/>\r\n<br \/>\r\nAvec les nouveaux \u00e9v\u00e8nements sanitaires, Euveka acc\u00e9l\u00e8re ses d\u00e9veloppements sur la partie Retail (E-commerce et Boutique).<\/p>\n                                                <!--                 <img class=\"prizes\" src=\"assets\/images\/logo-ces@2x.png\" alt=\"\">\n                        <img class=\"prizes\" src=\"assets\/images\/logo-lcr-frwrd@2x.png\" alt=\"\"> -->\n                                                        <\/div>\n            <\/div>\n        <\/div>\n    <\/div>\n<\/div>\n\n\n<div class=\"container\">\n    <div class=\"cardBigContainer revealer\">\n        <div class=\"contentCardBig\">\n                    <p class=\"surtitle size-4\">Nos ambitions<\/p>\n                    <h2 class=\"size-2\">Rendre les processus des industries textiles plus s\u00fbrs et plus \u00e9cologiques.<\/h2>\n            <a href=\"\/evk-wp\/a-propos\/ambition\" class=\"button button--small\">Conna\u00eetre nos ambitions<\/a>\n        <\/div>\n    <\/div>\n<\/div>\n\n\n<div class=\"container\">\n    <div class=\"cardBigContainer revealer\">\n        <div class=\"contentCardBig\">\n                    <p class=\"surtitle size-4\">Nos valeurs<\/p>\n                    <h2 class=\"size-2\">Environnement &#8211; Technologie et Industrie &#8211; Formation et Accompagnement <\/h2>\n            <a href=\"\/evk-wp\/a-propos\/valeur\" class=\"button button--small\">Conna\u00eetre nos valeurs<\/a>\n        <\/div>\n    <\/div>\n<\/div>","protected":false},"excerpt":{"rendered":"","protected":false},"author":1,"featured_media":0,"parent":9,"menu_order":2,"comment_status":"closed","ping_status":"closed","template":"","meta":[],"_links":{"self":[{"href":"https:\/\/thibautfantin.fr\/evk-wp\/wp-json\/wp\/v2\/pages\/11"}],"collection":[{"href":"https:\/\/thibautfantin.fr\/evk-wp\/wp-json\/wp\/v2\/pages"}],"about":[{"href":"https:\/\/thibautfantin.fr\/evk-wp\/wp-json\/wp\/v2\/types\/page"}],"author":[{"embeddable":true,"href":"https:\/\/thibautfantin.fr\/evk-wp\/wp-json\/wp\/v2\/users\/1"}],"replies":[{"embeddable":true,"href":"https:\/\/thibautfantin.fr\/evk-wp\/wp-json\/wp\/v2\/comments?post=11"}],"version-history":[{"count":80,"href":"https:\/\/thibautfantin.fr\/evk-wp\/wp-json\/wp\/v2\/pages\/11\/revisions"}],"predecessor-version":[{"id":1079,"href":"https:\/\/thibautfantin.fr\/evk-wp\/wp-json\/wp\/v2\/pages\/11\/revisions\/1079"}],"up":[{"embeddable":true,"href":"https:\/\/thibautfantin.fr\/evk-wp\/wp-json\/wp\/v2\/pages\/9"}],"wp:attachment":[{"href":"https:\/\/thibautfantin.fr\/evk-wp\/wp-json\/wp\/v2\/media?parent=11"}],"curies":[{"name":"wp","href":"https:\/\/api.w.org\/{rel}","templated":true}]}}